{"id":5102,"date":"2016-11-16T12:26:56","date_gmt":"2016-11-16T11:26:56","guid":{"rendered":"http:\/\/extraescolars.col-legiparroquialdonjoselluch.es\/?page_id=5102"},"modified":"2021-06-14T10:09:13","modified_gmt":"2021-06-14T08:09:13","slug":"preparacion-examenes-oficiales-eso-bachillerato","status":"publish","type":"page","link":"https:\/\/extraescolars.col-legiparroquialdonjoselluch.es\/?page_id=5102","title":{"rendered":"Preparaci\u00f3n Examenes Oficiales (ESO-Bachillerato)"},"content":{"rendered":"<p><strong>PREPARACI\u00d3N EX\u00c1MENES OFICIALES (ESO-BACHILLER)<\/strong><\/p>\n<p class=\"western\" align=\"left\">Os ofrecemos la posibilidad de dedicar vuestra tarde de mi\u00e9rcoles a recibir clases espec\u00edficas y potenciar y mejorar vuestro nivel de ingl\u00e9s en el colegio.<\/p>\n<p class=\"western\" align=\"left\">Tambi\u00e9n para poder presentaros y obtener un buen resultado en los distintos ex\u00e1menes oficiales de ingl\u00e9s.<\/p>\n<p class=\"western\" align=\"left\">Nuestro objetivo: Que termin\u00e9is 4\u00ba de ESO con un nivel de P.E.T. \u00f3 FIRST del British Council.<\/p>\n<p class=\"western\" align=\"left\"><b>Horario: <\/b>Mi\u00e9rcoles o viernes de 15:30h a 17:00h seg\u00fan nivel.<\/p>\n<p class=\"western\" align=\"left\"><b>Precio: <\/b>Material (anual): 40\u20ac<\/p>\n<p class=\"western\" align=\"left\">Mensualidad: 30\u20ac (1 d\u00eda\/semana)<\/p>\n","protected":false},"excerpt":{"rendered":"<p>PREPARACI\u00d3N EX\u00c1MENES OFICIALES (ESO-BACHILLER) Os ofrecemos la posibilidad de dedicar vuestra tarde de mi\u00e9rcoles a recibir clases espec\u00edficas y potenciar y mejorar vuestro nivel de ingl\u00e9s en el colegio. Tambi\u00e9n para poder presentaros y obtener un buen resultado en los distintos ex\u00e1menes oficiales de ingl\u00e9s. Nuestro objetivo: Que termin\u00e9is 4\u00ba de ESO con un nivel [&hellip;]<\/p>\n","protected":false},"author":1,"featured_media":0,"parent":0,"menu_order":0,"comment_status":"closed","ping_status":"closed","template":"","meta":{"footnotes":""},"class_list":["post-5102","page","type-page","status-publish","hentry","post"],"_links":{"self":[{"href":"https:\/\/extraescolars.col-legiparroquialdonjoselluch.es\/index.php?rest_route=\/wp\/v2\/pages\/5102","targetHints":{"allow":["GET"]}}],"collection":[{"href":"https:\/\/extraescolars.col-legiparroquialdonjoselluch.es\/index.php?rest_route=\/wp\/v2\/pages"}],"about":[{"href":"https:\/\/extraescolars.col-legiparroquialdonjoselluch.es\/index.php?rest_route=\/wp\/v2\/types\/page"}],"author":[{"embeddable":true,"href":"https:\/\/extraescolars.col-legiparroquialdonjoselluch.es\/index.php?rest_route=\/wp\/v2\/users\/1"}],"replies":[{"embeddable":true,"href":"https:\/\/extraescolars.col-legiparroquialdonjoselluch.es\/index.php?rest_route=%2Fwp%2Fv2%2Fcomments&post=5102"}],"version-history":[{"count":2,"href":"https:\/\/extraescolars.col-legiparroquialdonjoselluch.es\/index.php?rest_route=\/wp\/v2\/pages\/5102\/revisions"}],"predecessor-version":[{"id":5871,"href":"https:\/\/extraescolars.col-legiparroquialdonjoselluch.es\/index.php?rest_route=\/wp\/v2\/pages\/5102\/revisions\/5871"}],"wp:attachment":[{"href":"https:\/\/extraescolars.col-legiparroquialdonjoselluch.es\/index.php?rest_route=%2Fwp%2Fv2%2Fmedia&parent=5102"}],"curies":[{"name":"wp","href":"https:\/\/api.w.org\/{rel}","templated":true}]}}