{"id":5087,"date":"2016-11-16T12:13:28","date_gmt":"2016-11-16T11:13:28","guid":{"rendered":"http:\/\/extraescolars.col-legiparroquialdonjoselluch.es\/?page_id=5087"},"modified":"2021-06-14T12:25:39","modified_gmt":"2021-06-14T10:25:39","slug":"ingles-infantil-primaria","status":"publish","type":"page","link":"https:\/\/extraescolars.col-legiparroquialdonjoselluch.es\/?page_id=5087","title":{"rendered":"Ingl\u00e9s Infantil-Primaria"},"content":{"rendered":"<p>Metodolog\u00eda:<\/p>\n<div>\n<p class=\"western\" align=\"left\">El alumno es introducido en el conocimiento de la lengua por inmersi\u00f3n. A trav\u00e9s de un programa cuidadosamente escalonado, e implantado por profesionales de la ense\u00f1anza, se proporciona al alumno un acercamiento al idioma, donde adquiere confianza en sus primeros pasos.<\/p>\n<p class=\"western\" align=\"left\">Los alumnos de 4\u00ba, 5\u00ba y 6\u00ba Primaria tendr\u00e1n la oportunidad de examinarse en el British Council al final de curso.<\/p>\n<p class=\"western\" align=\"left\">El proceso de aprendizaje del ni\u00f1o es el siguiente:<\/p>\n<p class=\"western\" align=\"left\">1\u00ba- El alumno presta atenci\u00f3n cuando escucha mensajes.<\/p>\n<p class=\"western\" align=\"left\">2\u00ba- El alumno da respuestas f\u00edsicas o manipulativas ante el mensaje.<\/p>\n<p class=\"western\" align=\"left\">3\u00ba- El alumno da respuestas orales.<\/p>\n<p class=\"western\" align=\"left\">4\u00ba- El alumno repite canciones.<\/p>\n<p class=\"western\" align=\"left\">5\u00ba- El alumno reconoce el vocabulario b\u00e1sico.<\/p>\n<p class=\"western\" align=\"left\">6\u00ba- El alumno produce mensajes.<\/p>\n<p class=\"western\" align=\"left\">7\u00ba- El alumno disfruta realizando sus tareas de modo natural.<\/p>\n<p align=\"left\">Todo esto se realiza en un ambiente agradable y ameno, donde el alumno aprende jugando y sin esfuerzo.<\/p>\n<p align=\"left\">Infantil: 54\u20ac\/mes + Material anual: 40 \u20ac<\/p>\n<p class=\"western\" align=\"left\">Primaria: 39,50\u20ac\/mes + Material anual: 40 \u20ac<\/p>\n<p class=\"western\" align=\"left\">\n<\/div>\n","protected":false},"excerpt":{"rendered":"<p>Metodolog\u00eda: El alumno es introducido en el conocimiento de la lengua por inmersi\u00f3n. A trav\u00e9s de un programa cuidadosamente escalonado, e implantado por profesionales de la ense\u00f1anza, se proporciona al alumno un acercamiento al idioma, donde adquiere confianza en sus primeros pasos. Los alumnos de 4\u00ba, 5\u00ba y 6\u00ba Primaria tendr\u00e1n la oportunidad de examinarse [&hellip;]<\/p>\n","protected":false},"author":1,"featured_media":0,"parent":0,"menu_order":0,"comment_status":"closed","ping_status":"closed","template":"","meta":{"footnotes":""},"class_list":["post-5087","page","type-page","status-publish","hentry","post"],"_links":{"self":[{"href":"https:\/\/extraescolars.col-legiparroquialdonjoselluch.es\/index.php?rest_route=\/wp\/v2\/pages\/5087","targetHints":{"allow":["GET"]}}],"collection":[{"href":"https:\/\/extraescolars.col-legiparroquialdonjoselluch.es\/index.php?rest_route=\/wp\/v2\/pages"}],"about":[{"href":"https:\/\/extraescolars.col-legiparroquialdonjoselluch.es\/index.php?rest_route=\/wp\/v2\/types\/page"}],"author":[{"embeddable":true,"href":"https:\/\/extraescolars.col-legiparroquialdonjoselluch.es\/index.php?rest_route=\/wp\/v2\/users\/1"}],"replies":[{"embeddable":true,"href":"https:\/\/extraescolars.col-legiparroquialdonjoselluch.es\/index.php?rest_route=%2Fwp%2Fv2%2Fcomments&post=5087"}],"version-history":[{"count":3,"href":"https:\/\/extraescolars.col-legiparroquialdonjoselluch.es\/index.php?rest_route=\/wp\/v2\/pages\/5087\/revisions"}],"predecessor-version":[{"id":6287,"href":"https:\/\/extraescolars.col-legiparroquialdonjoselluch.es\/index.php?rest_route=\/wp\/v2\/pages\/5087\/revisions\/6287"}],"wp:attachment":[{"href":"https:\/\/extraescolars.col-legiparroquialdonjoselluch.es\/index.php?rest_route=%2Fwp%2Fv2%2Fmedia&parent=5087"}],"curies":[{"name":"wp","href":"https:\/\/api.w.org\/{rel}","templated":true}]}}