{"id":5080,"date":"2016-11-16T12:09:24","date_gmt":"2016-11-16T11:09:24","guid":{"rendered":"http:\/\/extraescolars.col-legiparroquialdonjoselluch.es\/?page_id=5080"},"modified":"2021-06-14T09:32:31","modified_gmt":"2021-06-14T07:32:31","slug":"futbol-sala","status":"publish","type":"page","link":"https:\/\/extraescolars.col-legiparroquialdonjoselluch.es\/?page_id=5080","title":{"rendered":"F\u00fatbol-Sala"},"content":{"rendered":"<p>Consiste en una actividad en la cual el alumno desarrolla un comportamiento cooperativo tanto dentro como fuera del campo de juego, fomentando el respeto por los dem\u00e1s compa\u00f1eros adem\u00e1s de adquirir un mayor dominio t\u00e9cnico y t\u00e1ctico del juego. Se fomentar\u00e1 el compa\u00f1erismo, cooperaci\u00f3n, juego en equipo, \u00a0juego limpio mediante actividades sanas y divertidas.<\/p>\n<p><b>\u00a0Objetivos<\/b>: <strong>familiarizarse con el bal\u00f3n a partir de \u00a0ejercicios de control, conducci\u00f3n y golpeo, pase y \u00a0recepci\u00f3n del bal\u00f3n, profundidad y \u00a0desmarques,<\/strong><b>\u00a0\u00a0<\/b>posicionamiento defensivo y ofensivo. Todo \u00a0ello, acompa\u00f1ado de la competici\u00f3n.<\/p>\n<p><strong>PRECIO<\/strong>:<\/p>\n<p>&#8211; 5 a\u00f1os, 1\u00ba y 2\u00ba de Primaria 15\u20ac\/mes, 1 d\u00eda a la semana 1h. 28\u20ac\/mes, 2 d\u00edas a la semana.<\/p>\n<p>&#8211; 3\u00ba de primaria a 4\u00ba de la ESO, 31,50\u20ac\/mes, 2 d\u00edas a la semana m\u00e1s equipaci\u00f3n (ver tarifas).<br \/>\nLos partidos de competici\u00f3n se podr\u00e1n disputar s\u00e1bados por la ma\u00f1ana generalmente o viernes por la tarde.<\/p>\n","protected":false},"excerpt":{"rendered":"<p>Consiste en una actividad en la cual el alumno desarrolla un comportamiento cooperativo tanto dentro como fuera del campo de juego, fomentando el respeto por los dem\u00e1s compa\u00f1eros adem\u00e1s de adquirir un mayor dominio t\u00e9cnico y t\u00e1ctico del juego. Se fomentar\u00e1 el compa\u00f1erismo, cooperaci\u00f3n, juego en equipo, \u00a0juego limpio mediante actividades sanas y divertidas. \u00a0Objetivos: [&hellip;]<\/p>\n","protected":false},"author":1,"featured_media":0,"parent":0,"menu_order":0,"comment_status":"closed","ping_status":"closed","template":"","meta":{"footnotes":""},"class_list":["post-5080","page","type-page","status-publish","hentry","post"],"_links":{"self":[{"href":"https:\/\/extraescolars.col-legiparroquialdonjoselluch.es\/index.php?rest_route=\/wp\/v2\/pages\/5080","targetHints":{"allow":["GET"]}}],"collection":[{"href":"https:\/\/extraescolars.col-legiparroquialdonjoselluch.es\/index.php?rest_route=\/wp\/v2\/pages"}],"about":[{"href":"https:\/\/extraescolars.col-legiparroquialdonjoselluch.es\/index.php?rest_route=\/wp\/v2\/types\/page"}],"author":[{"embeddable":true,"href":"https:\/\/extraescolars.col-legiparroquialdonjoselluch.es\/index.php?rest_route=\/wp\/v2\/users\/1"}],"replies":[{"embeddable":true,"href":"https:\/\/extraescolars.col-legiparroquialdonjoselluch.es\/index.php?rest_route=%2Fwp%2Fv2%2Fcomments&post=5080"}],"version-history":[{"count":12,"href":"https:\/\/extraescolars.col-legiparroquialdonjoselluch.es\/index.php?rest_route=\/wp\/v2\/pages\/5080\/revisions"}],"predecessor-version":[{"id":6281,"href":"https:\/\/extraescolars.col-legiparroquialdonjoselluch.es\/index.php?rest_route=\/wp\/v2\/pages\/5080\/revisions\/6281"}],"wp:attachment":[{"href":"https:\/\/extraescolars.col-legiparroquialdonjoselluch.es\/index.php?rest_route=%2Fwp%2Fv2%2Fmedia&parent=5080"}],"curies":[{"name":"wp","href":"https:\/\/api.w.org\/{rel}","templated":true}]}}