{"id":5077,"date":"2016-11-16T12:07:58","date_gmt":"2016-11-16T11:07:58","guid":{"rendered":"http:\/\/extraescolars.col-legiparroquialdonjoselluch.es\/?page_id=5077"},"modified":"2020-10-01T20:56:11","modified_gmt":"2020-10-01T18:56:11","slug":"faqs","status":"publish","type":"page","link":"https:\/\/extraescolars.col-legiparroquialdonjoselluch.es\/?page_id=5077","title":{"rendered":"FAQ&#8217;s"},"content":{"rendered":"<p><strong>\u00bfC\u00d3MO DARSE DE ALTA EN ACTIVIDADES DEPORTIVAS?<\/strong><\/p>\n<p>Para darse de alta en cualquier actividad deportiva se debe cumplimentar correctamente la <a href=\"https:\/\/forms.office.com\/Pages\/ResponsePage.aspx?id=cS7Xn31mEUaAhffcUVCaERFymIVi3QZGrT-JpHsjvLRUOEVXWlRBSFdJVEJJUUhOQTMxNkNXWEg0MS4u\" target=\"_blank\" rel=\"noopener noreferrer\">ficha de inscripci\u00f3n online<\/a>.<\/p>\n<p><strong>\u00bfC\u00d3MO DARSE DE BAJA\u00a0EN ACTIVIDADES DEPORTIVAS?<\/strong><\/p>\n<p>Para darse de baja de cualquier actividad se debe rellenar correctamente la <a href=\"https:\/\/forms.office.com\/Pages\/ResponsePage.aspx?id=cS7Xn31mEUaAhffcUVCaERFymIVi3QZGrT-JpHsjvLRUQzkxUUQ0OTQxRDk4MUhTVzc2VlRESTNaSS4u\" target=\"_blank\" rel=\"noopener noreferrer\">ficha de baja online<\/a>.<\/p>\n<p>Cualquier baja comunicada al entrenador\/monitor y que no quede reflejada en con la ficha cumplimentada no ser\u00e1 baja oficial \u00a0y por tanto seguir\u00e1 el deportista dado de alta.<\/p>\n<p>No se aceptar\u00e1n bajas pasado el d\u00eda 20 del mes previo al que se quiere causar baja de la actividad. Una vez dado de baja no podr\u00e1 volverse a dar de alta en dicha actividad.<\/p>\n<p><strong>\u00bfQUE HACER SI TENGO DUDAS CON LAS ACTIVIDADES DE BRISTOL SCHOOL?<\/strong><\/p>\n<p align=\"justify\">Las actividades L\u00fadicas y Formativas son organizadas por Bristol School. Para cualquier duda deben dirigirse a Ignacio Pav\u00eda Vila tel. 618.144.805.<\/p>\n<p align=\"justify\">Pueden proponerse necesidades especiales de horarios o combinaci\u00f3n de actividades que se atender\u00e1n seg\u00fan su viabilidad.<\/p>\n<p align=\"justify\"><strong>\u00bfQUE HACER SI TENGO DUDAS CON LAS ACTIVIDADES MUSICALES?<\/strong><\/p>\n<p align=\"justify\">Las actividades Musicales (menos el coro) son organizadas por la Sociedad Musical de Alboraya. Para cualquier duda deben dirigirse a Mar\u00eda Jos\u00e9 Casany, profesora del colegio mediante aviso en conserjer\u00eda.<\/p>\n","protected":false},"excerpt":{"rendered":"<p>\u00bfC\u00d3MO DARSE DE ALTA EN ACTIVIDADES DEPORTIVAS? Para darse de alta en cualquier actividad deportiva se debe cumplimentar correctamente la ficha de inscripci\u00f3n online. \u00bfC\u00d3MO DARSE DE BAJA\u00a0EN ACTIVIDADES DEPORTIVAS? Para darse de baja de cualquier actividad se debe rellenar correctamente la ficha de baja online. Cualquier baja comunicada al entrenador\/monitor y que no quede [&hellip;]<\/p>\n","protected":false},"author":1,"featured_media":0,"parent":0,"menu_order":0,"comment_status":"closed","ping_status":"closed","template":"","meta":{"footnotes":""},"class_list":["post-5077","page","type-page","status-publish","hentry","post"],"_links":{"self":[{"href":"https:\/\/extraescolars.col-legiparroquialdonjoselluch.es\/index.php?rest_route=\/wp\/v2\/pages\/5077","targetHints":{"allow":["GET"]}}],"collection":[{"href":"https:\/\/extraescolars.col-legiparroquialdonjoselluch.es\/index.php?rest_route=\/wp\/v2\/pages"}],"about":[{"href":"https:\/\/extraescolars.col-legiparroquialdonjoselluch.es\/index.php?rest_route=\/wp\/v2\/types\/page"}],"author":[{"embeddable":true,"href":"https:\/\/extraescolars.col-legiparroquialdonjoselluch.es\/index.php?rest_route=\/wp\/v2\/users\/1"}],"replies":[{"embeddable":true,"href":"https:\/\/extraescolars.col-legiparroquialdonjoselluch.es\/index.php?rest_route=%2Fwp%2Fv2%2Fcomments&post=5077"}],"version-history":[{"count":6,"href":"https:\/\/extraescolars.col-legiparroquialdonjoselluch.es\/index.php?rest_route=\/wp\/v2\/pages\/5077\/revisions"}],"predecessor-version":[{"id":6260,"href":"https:\/\/extraescolars.col-legiparroquialdonjoselluch.es\/index.php?rest_route=\/wp\/v2\/pages\/5077\/revisions\/6260"}],"wp:attachment":[{"href":"https:\/\/extraescolars.col-legiparroquialdonjoselluch.es\/index.php?rest_route=%2Fwp%2Fv2%2Fmedia&parent=5077"}],"curies":[{"name":"wp","href":"https:\/\/api.w.org\/{rel}","templated":true}]}}