{"id":5069,"date":"2016-11-16T12:04:10","date_gmt":"2016-11-16T11:04:10","guid":{"rendered":"http:\/\/extraescolars.col-legiparroquialdonjoselluch.es\/?page_id=5069"},"modified":"2021-06-14T10:02:43","modified_gmt":"2021-06-14T08:02:43","slug":"baloncesto","status":"publish","type":"page","link":"https:\/\/extraescolars.col-legiparroquialdonjoselluch.es\/?page_id=5069","title":{"rendered":"Baloncesto"},"content":{"rendered":"<p class=\"p1\">El Colegio a establecido un convenio de colaboraci\u00f3n con el Nou Basquet Alboraya para la&nbsp;promoci\u00f3n del baloncesto entre nuestros alumnos, como novedad algunos equipos realizar\u00e1n un&nbsp;entrenamiento semanal en nuestras instalaciones y otro en la Ciutat de l&#8217;Esport, denomin\u00e1ndose estos equipos:<\/p>\n<p class=\"p1\">NOU BASQUET ALBORAIA &#8211; COLEGIO DON JOS\u00c9 LLUCH. La inscripci\u00f3n se realizar\u00e1 en el club, y \u00e9ste se&nbsp;encargar\u00e1 tambi\u00e9n de la gesti\u00f3n econ\u00f3mica.<\/p>\n<p class=\"p1\">La inscripci\u00f3n para los alumnos que ya pertenecen al club se puede realizar a trav\u00e9s de este enlace:<span class=\"Apple-converted-space\">&nbsp;<\/span><a href=\"https:\/\/forms.gle\/8yUE2DEHmJkmZ3So7\">https:\/\/forms.gle\/8yUE2DEHmJkmZ3So7<\/a>&nbsp;<span class=\"Apple-converted-space\"> &nbsp;<\/span><\/p>\n<p class=\"p2\"><b>Importante:<span class=\"Apple-converted-space\">&nbsp;<\/span><\/b>La inscripci\u00f3n para los alumnos que se apunten por primera vez al Club se realizar\u00e1 en el mes de Septiembre a trav\u00e9s del mismo enlace.<span class=\"Apple-converted-space\">&nbsp;<\/span>En caso de haber m\u00e1s de un equipo en una categor\u00eda, entrenar\u00e1 en el Colegio el equipo que el Club crea conveniente.<span class=\"Apple-converted-space\">&nbsp;<\/span>El club es quien gestiona tanto la inscripci\u00f3n como el cobro de las mensualidades.<span class=\"Apple-converted-space\">&nbsp;<\/span><\/p>\n<p class=\"p2\">Email de contacto ante dudas:<span class=\"Apple-converted-space\">&nbsp;<\/span>baloncestoalboraya@gmail.com<\/p>\n<p class=\"p1\"><b>5 a\u00f1os:&nbsp;<\/b>Martes y viernes en el cole: de 17:30h a 18:30h. Precio: 290\u20ac\/temporada*<span class=\"Apple-converted-space\">&nbsp;<\/span><\/p>\n<p class=\"p2\"><b>Primaria:<span class=\"Apple-converted-space\">&nbsp;<\/span><\/b><\/p>\n<p class=\"p2\"><b>1\u00ba-2\u00ba:<span class=\"Apple-converted-space\">&nbsp;<\/span><\/b>Martes y viernes en el cole: de 17:30h a 18:30h.<span class=\"Apple-converted-space\">&nbsp;<\/span>Precio: 290\u20ac\/temporada*<span class=\"Apple-converted-space\">&nbsp;<\/span><\/p>\n<p class=\"p2\"><b>3\u00ba-4\u00ba:<span class=\"Apple-converted-space\">&nbsp;<\/span><\/b>Mi\u00e9rcoles-viernes (cole): de 17:30h a 19:00h. Precio: 325\u20ac\/temporada*<span class=\"Apple-converted-space\">&nbsp;<\/span><\/p>\n<p class=\"p2\"><b>5\u00ba-6\u00ba:<span class=\"Apple-converted-space\">&nbsp;<\/span><\/b>Lunes (cole)-mi\u00e9rcoles: de 17:30h a 19:00h.&nbsp;Precio: 325\u20ac\/temporada*<span class=\"Apple-converted-space\">&nbsp;<\/span><\/p>\n<p class=\"p2\">*Aquellos que no quieran vender loter\u00eda, deber\u00e1n abonar 50\u20ac m\u00e1s en concepto de cuota. Si venden m\u00e1s de la cantidad m\u00ednima, se bonifica en la cuota anual.<span class=\"Apple-converted-space\">&nbsp;<\/span><\/p>\n<p class=\"p2\"><span class=\"Apple-converted-space\">&nbsp;<\/span><\/p>\n","protected":false},"excerpt":{"rendered":"<p>El Colegio a establecido un convenio de colaboraci\u00f3n con el Nou Basquet Alboraya para la&nbsp;promoci\u00f3n del baloncesto entre nuestros alumnos, como novedad algunos equipos realizar\u00e1n un&nbsp;entrenamiento semanal en nuestras instalaciones y otro en la Ciutat de l&#8217;Esport, denomin\u00e1ndose estos equipos: NOU BASQUET ALBORAIA &#8211; COLEGIO DON JOS\u00c9 LLUCH. La inscripci\u00f3n se realizar\u00e1 en el club, [&hellip;]<\/p>\n","protected":false},"author":1,"featured_media":0,"parent":0,"menu_order":0,"comment_status":"closed","ping_status":"closed","template":"","meta":{"footnotes":""},"class_list":["post-5069","page","type-page","status-publish","hentry","post"],"_links":{"self":[{"href":"https:\/\/extraescolars.col-legiparroquialdonjoselluch.es\/index.php?rest_route=\/wp\/v2\/pages\/5069","targetHints":{"allow":["GET"]}}],"collection":[{"href":"https:\/\/extraescolars.col-legiparroquialdonjoselluch.es\/index.php?rest_route=\/wp\/v2\/pages"}],"about":[{"href":"https:\/\/extraescolars.col-legiparroquialdonjoselluch.es\/index.php?rest_route=\/wp\/v2\/types\/page"}],"author":[{"embeddable":true,"href":"https:\/\/extraescolars.col-legiparroquialdonjoselluch.es\/index.php?rest_route=\/wp\/v2\/users\/1"}],"replies":[{"embeddable":true,"href":"https:\/\/extraescolars.col-legiparroquialdonjoselluch.es\/index.php?rest_route=%2Fwp%2Fv2%2Fcomments&post=5069"}],"version-history":[{"count":12,"href":"https:\/\/extraescolars.col-legiparroquialdonjoselluch.es\/index.php?rest_route=\/wp\/v2\/pages\/5069\/revisions"}],"predecessor-version":[{"id":6282,"href":"https:\/\/extraescolars.col-legiparroquialdonjoselluch.es\/index.php?rest_route=\/wp\/v2\/pages\/5069\/revisions\/6282"}],"wp:attachment":[{"href":"https:\/\/extraescolars.col-legiparroquialdonjoselluch.es\/index.php?rest_route=%2Fwp%2Fv2%2Fmedia&parent=5069"}],"curies":[{"name":"wp","href":"https:\/\/api.w.org\/{rel}","templated":true}]}}