{"id":5061,"date":"2016-11-16T12:00:23","date_gmt":"2016-11-16T11:00:23","guid":{"rendered":"http:\/\/extraescolars.col-legiparroquialdonjoselluch.es\/?page_id=5061"},"modified":"2017-01-12T17:01:14","modified_gmt":"2017-01-12T16:01:14","slug":"actv-musicales","status":"publish","type":"page","link":"https:\/\/extraescolars.col-legiparroquialdonjoselluch.es\/?page_id=5061","title":{"rendered":"Actv Musicales"},"content":{"rendered":"<p>En el men\u00fa desplegable encontrar\u00e1s toda la informaci\u00f3n referente a las actividades musicales.<\/p>\n","protected":false},"excerpt":{"rendered":"<p>En el men\u00fa desplegable encontrar\u00e1s toda la informaci\u00f3n referente a las actividades musicales.<\/p>\n","protected":false},"author":1,"featured_media":0,"parent":0,"menu_order":0,"comment_status":"closed","ping_status":"closed","template":"","meta":{"footnotes":""},"class_list":["post-5061","page","type-page","status-publish","hentry","post"],"_links":{"self":[{"href":"https:\/\/extraescolars.col-legiparroquialdonjoselluch.es\/index.php?rest_route=\/wp\/v2\/pages\/5061","targetHints":{"allow":["GET"]}}],"collection":[{"href":"https:\/\/extraescolars.col-legiparroquialdonjoselluch.es\/index.php?rest_route=\/wp\/v2\/pages"}],"about":[{"href":"https:\/\/extraescolars.col-legiparroquialdonjoselluch.es\/index.php?rest_route=\/wp\/v2\/types\/page"}],"author":[{"embeddable":true,"href":"https:\/\/extraescolars.col-legiparroquialdonjoselluch.es\/index.php?rest_route=\/wp\/v2\/users\/1"}],"replies":[{"embeddable":true,"href":"https:\/\/extraescolars.col-legiparroquialdonjoselluch.es\/index.php?rest_route=%2Fwp%2Fv2%2Fcomments&post=5061"}],"version-history":[{"count":2,"href":"https:\/\/extraescolars.col-legiparroquialdonjoselluch.es\/index.php?rest_route=\/wp\/v2\/pages\/5061\/revisions"}],"predecessor-version":[{"id":5257,"href":"https:\/\/extraescolars.col-legiparroquialdonjoselluch.es\/index.php?rest_route=\/wp\/v2\/pages\/5061\/revisions\/5257"}],"wp:attachment":[{"href":"https:\/\/extraescolars.col-legiparroquialdonjoselluch.es\/index.php?rest_route=%2Fwp%2Fv2%2Fmedia&parent=5061"}],"curies":[{"name":"wp","href":"https:\/\/api.w.org\/{rel}","templated":true}]}}