{"id":5057,"date":"2016-11-16T11:59:07","date_gmt":"2016-11-16T10:59:07","guid":{"rendered":"http:\/\/extraescolars.col-legiparroquialdonjoselluch.es\/?page_id=5057"},"modified":"2017-01-12T16:59:42","modified_gmt":"2017-01-12T15:59:42","slug":"actv-formativas","status":"publish","type":"page","link":"https:\/\/extraescolars.col-legiparroquialdonjoselluch.es\/?page_id=5057","title":{"rendered":"Actv Formativas"},"content":{"rendered":"<p>En el men\u00fa desplegable encontrar\u00e1s toda la informaci\u00f3n referente a las actividades Formativas.<\/p>\n","protected":false},"excerpt":{"rendered":"<p>En el men\u00fa desplegable encontrar\u00e1s toda la informaci\u00f3n referente a las actividades Formativas.<\/p>\n","protected":false},"author":1,"featured_media":0,"parent":0,"menu_order":0,"comment_status":"closed","ping_status":"closed","template":"","meta":{"footnotes":""},"class_list":["post-5057","page","type-page","status-publish","hentry","post"],"_links":{"self":[{"href":"https:\/\/extraescolars.col-legiparroquialdonjoselluch.es\/index.php?rest_route=\/wp\/v2\/pages\/5057","targetHints":{"allow":["GET"]}}],"collection":[{"href":"https:\/\/extraescolars.col-legiparroquialdonjoselluch.es\/index.php?rest_route=\/wp\/v2\/pages"}],"about":[{"href":"https:\/\/extraescolars.col-legiparroquialdonjoselluch.es\/index.php?rest_route=\/wp\/v2\/types\/page"}],"author":[{"embeddable":true,"href":"https:\/\/extraescolars.col-legiparroquialdonjoselluch.es\/index.php?rest_route=\/wp\/v2\/users\/1"}],"replies":[{"embeddable":true,"href":"https:\/\/extraescolars.col-legiparroquialdonjoselluch.es\/index.php?rest_route=%2Fwp%2Fv2%2Fcomments&post=5057"}],"version-history":[{"count":2,"href":"https:\/\/extraescolars.col-legiparroquialdonjoselluch.es\/index.php?rest_route=\/wp\/v2\/pages\/5057\/revisions"}],"predecessor-version":[{"id":5254,"href":"https:\/\/extraescolars.col-legiparroquialdonjoselluch.es\/index.php?rest_route=\/wp\/v2\/pages\/5057\/revisions\/5254"}],"wp:attachment":[{"href":"https:\/\/extraescolars.col-legiparroquialdonjoselluch.es\/index.php?rest_route=%2Fwp%2Fv2%2Fmedia&parent=5057"}],"curies":[{"name":"wp","href":"https:\/\/api.w.org\/{rel}","templated":true}]}}