{"id":5055,"date":"2016-11-16T11:58:19","date_gmt":"2016-11-16T10:58:19","guid":{"rendered":"http:\/\/extraescolars.col-legiparroquialdonjoselluch.es\/?page_id=5055"},"modified":"2020-10-01T20:26:55","modified_gmt":"2020-10-01T18:26:55","slug":"actv-deportivas","status":"publish","type":"page","link":"https:\/\/extraescolars.col-legiparroquialdonjoselluch.es\/?page_id=5055","title":{"rendered":"Actv Deportivas"},"content":{"rendered":"<p>En el men\u00fa desplegable encontrar\u00e1s toda la informaci\u00f3n referente a las actividades deportivas.<\/p>\n<p>La oferta de actividades se plantea desde la demanda existente, teniendo como referencia los grupos de a\u00f1os anteriores. Seg\u00fan la demanda de actividades se podr\u00e1 tener en cuenta la modificaci\u00f3n de grupos. Por ello ante cualquier duda ponerse en contacto con los coordinadores de las actividades extraescolares.<\/p>\n","protected":false},"excerpt":{"rendered":"<p>En el men\u00fa desplegable encontrar\u00e1s toda la informaci\u00f3n referente a las actividades deportivas. La oferta de actividades se plantea desde la demanda existente, teniendo como referencia los grupos de a\u00f1os anteriores. Seg\u00fan la demanda de actividades se podr\u00e1 tener en cuenta la modificaci\u00f3n de grupos. Por ello ante cualquier duda ponerse en contacto con los [&hellip;]<\/p>\n","protected":false},"author":1,"featured_media":0,"parent":0,"menu_order":0,"comment_status":"closed","ping_status":"closed","template":"","meta":{"footnotes":""},"class_list":["post-5055","page","type-page","status-publish","hentry","post"],"_links":{"self":[{"href":"https:\/\/extraescolars.col-legiparroquialdonjoselluch.es\/index.php?rest_route=\/wp\/v2\/pages\/5055","targetHints":{"allow":["GET"]}}],"collection":[{"href":"https:\/\/extraescolars.col-legiparroquialdonjoselluch.es\/index.php?rest_route=\/wp\/v2\/pages"}],"about":[{"href":"https:\/\/extraescolars.col-legiparroquialdonjoselluch.es\/index.php?rest_route=\/wp\/v2\/types\/page"}],"author":[{"embeddable":true,"href":"https:\/\/extraescolars.col-legiparroquialdonjoselluch.es\/index.php?rest_route=\/wp\/v2\/users\/1"}],"replies":[{"embeddable":true,"href":"https:\/\/extraescolars.col-legiparroquialdonjoselluch.es\/index.php?rest_route=%2Fwp%2Fv2%2Fcomments&post=5055"}],"version-history":[{"count":1,"href":"https:\/\/extraescolars.col-legiparroquialdonjoselluch.es\/index.php?rest_route=\/wp\/v2\/pages\/5055\/revisions"}],"predecessor-version":[{"id":5056,"href":"https:\/\/extraescolars.col-legiparroquialdonjoselluch.es\/index.php?rest_route=\/wp\/v2\/pages\/5055\/revisions\/5056"}],"wp:attachment":[{"href":"https:\/\/extraescolars.col-legiparroquialdonjoselluch.es\/index.php?rest_route=%2Fwp%2Fv2%2Fmedia&parent=5055"}],"curies":[{"name":"wp","href":"https:\/\/api.w.org\/{rel}","templated":true}]}}